{"id":2994,"date":"2026-01-25T19:22:02","date_gmt":"2026-01-25T16:22:02","guid":{"rendered":"https:\/\/www.rootstime.life\/?page_id=2994"},"modified":"2026-02-25T13:00:16","modified_gmt":"2026-02-25T10:00:16","slug":"meista","status":"publish","type":"page","link":"https:\/\/www.rootstime.life\/en\/meista\/","title":{"rendered":"About us"},"content":{"rendered":"<style>.kb-row-layout-id2994_047076-97 > .kt-row-column-wrap{align-content:start;}:where(.kb-row-layout-id2994_047076-97 > .kt-row-column-wrap) > .wp-block-kadence-column{justify-content:start;}.kb-row-layout-id2994_047076-97 > .kt-row-column-wrap{column-gap:var(--global-kb-gap-md, 2rem);row-gap:var(--global-kb-gap-md, 2rem);max-width:1300px;margin-left:auto;margin-right:auto;padding-top:65vh;padding-bottom:10vh;min-height:100vh;grid-template-columns:minmax(0, 1fr);}.kb-row-layout-id2994_047076-97{background-image:url('https:\/\/www.rootstime.life\/wp-content\/uploads\/2026\/02\/pic-16-kopio-scaled.jpg');background-size:cover;background-position:51% 48%;background-attachment:fixed;background-repeat:no-repeat;}.kb-row-layout-id2994_047076-97 > .kt-row-layout-overlay{opacity:0.40;background:linear-gradient(180deg,rgba(0,0,0,0) 60%,var(--global-palette3) 94%);}.kb-row-layout-id2994_047076-97 .kt-row-layout-bottom-sep{height:40px;}.kb-row-layout-id2994_047076-97 .kt-row-layout-bottom-sep svg{width:100%;}.kb-row-layout-id2994_047076-97 .kt-row-layout-bottom-sep svg{fill:#fcfcf8!important;}@media all and (max-width: 1024px), only screen and (min-device-width: 1024px) and (max-device-width: 1366px) and (-webkit-min-device-pixel-ratio: 2) and (hover: none){.kb-row-layout-id2994_047076-97{background-attachment:scroll;}}@media all and (max-width: 1024px){.kb-row-layout-id2994_047076-97 > .kt-row-column-wrap{grid-template-columns:minmax(0, 1fr);}}@media all and (max-width: 1024px){.kb-row-layout-id2994_047076-97 .kt-row-layout-bottom-sep{height:px;}}@media all and (max-width: 1024px){.kb-row-layout-id2994_047076-97 .kt-row-layout-bottom-sep svg{width:%;}}@media all and (max-width: 767px){.kb-row-layout-id2994_047076-97 > .kt-row-column-wrap{grid-template-columns:minmax(0, 1fr);}.kb-row-layout-id2994_047076-97 .kt-row-layout-bottom-sep{height:px;}.kb-row-layout-id2994_047076-97 .kt-row-layout-bottom-sep svg{width:%;}}<\/style><div class=\"kb-row-layout-wrap kb-row-layout-id2994_047076-97 alignnone kt-row-has-bg kt-jarallax wp-block-kadence-rowlayout\" data-img-position=\"51% 48%\" data-img-size=\"cover\"><div class=\"kt-row-layout-overlay kt-row-overlay-gradient\"><\/div><div class=\"kt-row-column-wrap kt-has-1-columns kt-row-layout-equal kt-tab-layout-inherit kt-mobile-layout-row kt-row-valign-top\">\n<style>.kadence-column2994_33573b-9e > .kt-inside-inner-col,.kadence-column2994_33573b-9e > .kt-inside-inner-col:before{border-top-left-radius:0px;border-top-right-radius:0px;border-bottom-right-radius:0px;border-bottom-left-radius:0px;}.kadence-column2994_33573b-9e > .kt-inside-inner-col{column-gap:var(--global-kb-gap-sm, 1rem);}.kadence-column2994_33573b-9e > .kt-inside-inner-col{flex-direction:column;}.kadence-column2994_33573b-9e > .kt-inside-inner-col > .aligncenter{width:100%;}.kadence-column2994_33573b-9e > .kt-inside-inner-col:before{opacity:0.3;}.kadence-column2994_33573b-9e{position:relative;}@media all and (max-width: 1024px){.kadence-column2994_33573b-9e > .kt-inside-inner-col{flex-direction:column;justify-content:center;}}@media all and (max-width: 767px){.kadence-column2994_33573b-9e > .kt-inside-inner-col{flex-direction:column;justify-content:center;}}<\/style>\n<div class=\"wp-block-kadence-column kadence-column2994_33573b-9e\"><div class=\"kt-inside-inner-col\"><style>.wp-block-kadence-advancedheading.kt-adv-heading2994_4cd74a-96, .wp-block-kadence-advancedheading.kt-adv-heading2994_4cd74a-96[data-kb-block=\"kb-adv-heading2994_4cd74a-96\"]{text-align:center;font-size:70px;font-weight:400;font-style:normal;font-family:'Playfair Display';text-transform:uppercase;text-shadow:1px 1px 36px var(--global-palette3, #1A202C);}.wp-block-kadence-advancedheading.kt-adv-heading2994_4cd74a-96 mark.kt-highlight, .wp-block-kadence-advancedheading.kt-adv-heading2994_4cd74a-96[data-kb-block=\"kb-adv-heading2994_4cd74a-96\"] mark.kt-highlight{font-style:normal;color:#f76a0c;-webkit-box-decoration-break:clone;box-decoration-break:clone;padding-top:0px;padding-right:0px;padding-bottom:0px;padding-left:0px;}.wp-block-kadence-advancedheading.kt-adv-heading2994_4cd74a-96 img.kb-inline-image, .wp-block-kadence-advancedheading.kt-adv-heading2994_4cd74a-96[data-kb-block=\"kb-adv-heading2994_4cd74a-96\"] img.kb-inline-image{width:150px;vertical-align:baseline;}@media all and (max-width: 1024px){.wp-block-kadence-advancedheading.kt-adv-heading2994_4cd74a-96, .wp-block-kadence-advancedheading.kt-adv-heading2994_4cd74a-96[data-kb-block=\"kb-adv-heading2994_4cd74a-96\"]{text-shadow:1px 1px 36px var(--global-palette3, #1A202C);}}@media all and (max-width: 767px){.wp-block-kadence-advancedheading.kt-adv-heading2994_4cd74a-96, .wp-block-kadence-advancedheading.kt-adv-heading2994_4cd74a-96[data-kb-block=\"kb-adv-heading2994_4cd74a-96\"]{text-shadow:1px 1px 36px var(--global-palette3, #1A202C);font-size:var(--global-kb-font-size-lg, 2rem);}}<\/style>\n<h2 class=\"kt-adv-heading2994_4cd74a-96 wp-block-kadence-advancedheading has-theme-palette-9-color has-text-color\" data-kb-block=\"kb-adv-heading2994_4cd74a-96\" data-aos=\"fade\" data-aos-duration=\"1500\" data-aos-delay=\"1000\"><\/h2>\n<\/div><\/div>\n\n<\/div><\/div>\n\n<style>.kb-row-layout-id2994_58c7fa-eb > .kt-row-column-wrap{align-content:center;}:where(.kb-row-layout-id2994_58c7fa-eb > .kt-row-column-wrap) > .wp-block-kadence-column{justify-content:center;}.kb-row-layout-id2994_58c7fa-eb > .kt-row-column-wrap{column-gap:var(--global-kb-gap-md, 2rem);row-gap:var(--global-kb-gap-md, 2rem);max-width:1400px;margin-left:auto;margin-right:auto;padding-top:var(--global-kb-spacing-4xl, 8rem);padding-bottom:var(--global-kb-spacing-lg, 3rem);grid-template-columns:minmax(0, calc(65% - ((var(--global-kb-gap-md, 2rem) * 1 )\/2)))minmax(0, calc(35% - ((var(--global-kb-gap-md, 2rem) * 1 )\/2)));}.kb-row-layout-id2994_58c7fa-eb > .kt-row-layout-overlay{opacity:0.00;}.kb-row-layout-id2994_58c7fa-eb .kt-row-layout-bottom-sep{height:25px;}.kb-row-layout-id2994_58c7fa-eb .kt-row-layout-bottom-sep svg{width:100%;}.kb-row-layout-id2994_58c7fa-eb .kt-row-layout-bottom-sep svg{fill:var(--global-palette5, #4A5568)!important;}.kb-row-layout-id2994_58c7fa-eb .kt-row-layout-top-sep{height:100px;}.kb-row-layout-id2994_58c7fa-eb .kt-row-layout-top-sep svg{width:100%;}.kb-row-layout-id2994_58c7fa-eb .kt-row-layout-top-sep svg{fill:#ffffff!important;}@media all and (max-width: 1024px){.kb-row-layout-id2994_58c7fa-eb > .kt-row-column-wrap{padding-top:var(--global-kb-spacing-sm, 1.5rem);grid-template-columns:repeat(2, minmax(0, 1fr));}}@media all and (max-width: 1024px){.kb-row-layout-id2994_58c7fa-eb .kt-row-layout-bottom-sep{height:px;}}@media all and (max-width: 1024px){.kb-row-layout-id2994_58c7fa-eb .kt-row-layout-bottom-sep svg{width:%;}}@media all and (max-width: 767px){.kb-row-layout-id2994_58c7fa-eb > .kt-row-column-wrap{padding-top:var(--global-kb-spacing-xxl, 5rem);grid-template-columns:minmax(0, 1fr);}.kb-row-layout-id2994_58c7fa-eb > .kt-row-column-wrap > .wp-block-kadence-column:nth-child(1 of *:not(style)){order:2;}.kb-row-layout-id2994_58c7fa-eb > .kt-row-column-wrap > .wp-block-kadence-column:nth-child(2 of *:not(style)){order:1;}.kb-row-layout-id2994_58c7fa-eb > .kt-row-column-wrap > .wp-block-kadence-column:nth-child(3 of *:not(style)){order:12;}.kb-row-layout-id2994_58c7fa-eb > .kt-row-column-wrap > .wp-block-kadence-column:nth-child(4 of *:not(style)){order:11;}.kb-row-layout-id2994_58c7fa-eb > .kt-row-column-wrap > .wp-block-kadence-column:nth-child(5 of *:not(style)){order:22;}.kb-row-layout-id2994_58c7fa-eb > .kt-row-column-wrap > .wp-block-kadence-column:nth-child(6 of *:not(style)){order:21;}.kb-row-layout-id2994_58c7fa-eb > .kt-row-column-wrap > .wp-block-kadence-column:nth-child(7 of *:not(style)){order:32;}.kb-row-layout-id2994_58c7fa-eb > .kt-row-column-wrap > .wp-block-kadence-column:nth-child(8 of *:not(style)){order:31;}.kb-row-layout-id2994_58c7fa-eb .kt-row-layout-bottom-sep{height:px;}.kb-row-layout-id2994_58c7fa-eb .kt-row-layout-bottom-sep svg{width:%;}}<\/style><div class=\"kb-row-layout-wrap kb-row-layout-id2994_58c7fa-eb alignnone has-theme-palette3-background-color kt-row-has-bg wp-block-kadence-rowlayout\"><div class=\"kt-row-column-wrap kt-has-2-columns kt-row-layout-equal kt-tab-layout-inherit kt-mobile-layout-row kt-row-valign-middle\">\n<style>.kadence-column2994_44af8c-44 > .kt-inside-inner-col{display:flex;}.kadence-column2994_44af8c-44 > .kt-inside-inner-col,.kadence-column2994_44af8c-44 > .kt-inside-inner-col:before{border-top-left-radius:0px;border-top-right-radius:0px;border-bottom-right-radius:0px;border-bottom-left-radius:0px;}.kadence-column2994_44af8c-44 > .kt-inside-inner-col{column-gap:var(--global-kb-gap-sm, 1rem);}.kadence-column2994_44af8c-44 > .kt-inside-inner-col{flex-direction:column;justify-content:flex-start;}.kadence-column2994_44af8c-44 > .kt-inside-inner-col > .aligncenter{width:100%;}.kt-row-column-wrap > .kadence-column2994_44af8c-44{align-self:flex-start;}.kt-inner-column-height-full:not(.kt-has-1-columns) > .wp-block-kadence-column.kadence-column2994_44af8c-44{align-self:auto;}.kt-inner-column-height-full:not(.kt-has-1-columns) > .wp-block-kadence-column.kadence-column2994_44af8c-44 > .kt-inside-inner-col{flex-direction:column;justify-content:flex-start;}.kadence-column2994_44af8c-44 > .kt-inside-inner-col:before{opacity:0.3;}.kadence-column2994_44af8c-44{position:relative;}@media all and (max-width: 1024px){.kt-row-column-wrap > .kadence-column2994_44af8c-44{align-self:flex-start;}}@media all and (max-width: 1024px){.kt-inner-column-height-full:not(.kt-has-1-columns) > .wp-block-kadence-column.kadence-column2994_44af8c-44{align-self:auto;}}@media all and (max-width: 1024px){.kt-inner-column-height-full:not(.kt-has-1-columns) > .wp-block-kadence-column.kadence-column2994_44af8c-44 > .kt-inside-inner-col{flex-direction:column;justify-content:flex-start;}}@media all and (max-width: 1024px){.kadence-column2994_44af8c-44 > .kt-inside-inner-col{flex-direction:column;justify-content:flex-start;}}@media all and (max-width: 767px){.kt-row-column-wrap > .kadence-column2994_44af8c-44{align-self:flex-start;}.kt-inner-column-height-full:not(.kt-has-1-columns) > .wp-block-kadence-column.kadence-column2994_44af8c-44{align-self:auto;}.kt-inner-column-height-full:not(.kt-has-1-columns) > .wp-block-kadence-column.kadence-column2994_44af8c-44 > .kt-inside-inner-col{flex-direction:column;justify-content:flex-start;}.kadence-column2994_44af8c-44 > .kt-inside-inner-col{flex-direction:column;justify-content:flex-start;}}<\/style>\n<div class=\"wp-block-kadence-column kadence-column2994_44af8c-44\" data-aos=\"fade\" data-aos-duration=\"1500\" data-aos-delay=\"800\"><div class=\"kt-inside-inner-col\">\n<p class=\"has-text-align-center has-theme-palette-9-color has-text-color has-link-color wp-elements-b1f6051275a61f5b00ff14014d4098cc\">Olemme p\u00e4\u00e4tyneet &#8217;junan tuomina&#8217; Pohjois-Karjalaan.\u00a0Nuorempana Janka haaveili kahvilan perustamisesta jonnekin Euroopan suurkaupunkiin.\u00a0Onneksi kohtalo johdatti Paateriin, sill\u00e4 viihdymme molemmat maaseudun rauhassa.\u00a0<br><br>Syd\u00e4nt\u00e4\u00e4n seuraten Janka on p\u00e4\u00e4tynyt tiedemaailmasta kahvilayritt\u00e4j\u00e4ksi.\u00a0Janka\u00a0on koulutukseltaan hevosalan ammattilainen ja biologi, joka\u00a0on perehtynyt syv\u00e4llisesti luonnon antimien ja rohtojen k\u00e4ytt\u00f6\u00f6n.\u00a0Janka on kotoisin Lapista, vaikka juuret ulottuvatkin aina Unkariin asti.\u00a0<br><br>Iain on kotoisin Pohjois-Englannista. El\u00e4m\u00e4 on kuljettanut h\u00e4nt\u00e4 pohjoisessa: Kanadasta aina Suomeen asti.\u00a0Tuttujen kesken &#8217;talvitonttu&#8217; on todellinen moniosaaja: ensimm\u00e4iselt\u00e4 ammatiltaan h\u00e4n on kirvesmies.\u00a0Iain on my\u00f6s monipuolinen er\u00e4opas sek\u00e4 ruokapalveluiden ammattilainen.<\/p>\n<\/div><\/div>\n\n\n<style>.kadence-column2994_13beb7-52 > .kt-inside-inner-col,.kadence-column2994_13beb7-52 > .kt-inside-inner-col:before{border-top-left-radius:0px;border-top-right-radius:0px;border-bottom-right-radius:0px;border-bottom-left-radius:0px;}.kadence-column2994_13beb7-52 > .kt-inside-inner-col{column-gap:var(--global-kb-gap-sm, 1rem);}.kadence-column2994_13beb7-52 > .kt-inside-inner-col{flex-direction:column;}.kadence-column2994_13beb7-52 > .kt-inside-inner-col > .aligncenter{width:100%;}.kadence-column2994_13beb7-52 > .kt-inside-inner-col:before{opacity:0.3;}.kadence-column2994_13beb7-52{position:relative;}@media all and (max-width: 1024px){.kadence-column2994_13beb7-52 > .kt-inside-inner-col{flex-direction:column;justify-content:center;}}@media all and (max-width: 767px){.kadence-column2994_13beb7-52 > .kt-inside-inner-col{flex-direction:column;justify-content:center;}}<\/style>\n<div class=\"wp-block-kadence-column kadence-column2994_13beb7-52\"><div class=\"kt-inside-inner-col\"><style>.kb-image2994_289dde-b6 .kb-image-has-overlay:after{opacity:0.3;border-top-left-radius:0px;border-top-right-radius:0px;border-bottom-right-radius:0px;border-bottom-left-radius:0px;}.kb-image2994_289dde-b6 img.kb-img, .kb-image2994_289dde-b6 .kb-img img{border-top-left-radius:0px;border-top-right-radius:0px;border-bottom-right-radius:0px;border-bottom-left-radius:0px;object-position:41% 38%;}<\/style>\n<div class=\"wp-block-kadence-image kb-image2994_289dde-b6\" data-aos=\"fade\" data-aos-duration=\"1500\" data-aos-delay=\"300\"><figure class=\"aligncenter kb-image-is-ratio-size\"><div class=\"kb-is-ratio-image kb-image-ratio-land43\"><img loading=\"lazy\" decoding=\"async\" width=\"1280\" height=\"909\" src=\"https:\/\/www.rootstime.life\/wp-content\/uploads\/2026\/02\/ianka.jpg\" alt=\"\" class=\"kb-img wp-image-3079\" srcset=\"https:\/\/www.rootstime.life\/wp-content\/uploads\/2026\/02\/ianka.jpg 1280w, https:\/\/www.rootstime.life\/wp-content\/uploads\/2026\/02\/ianka-300x213.jpg 300w, https:\/\/www.rootstime.life\/wp-content\/uploads\/2026\/02\/ianka-1024x727.jpg 1024w, https:\/\/www.rootstime.life\/wp-content\/uploads\/2026\/02\/ianka-768x545.jpg 768w\" sizes=\"auto, (max-width: 1280px) 100vw, 1280px\" \/><\/div><\/figure><\/div>\n<\/div><\/div>\n\n<\/div><\/div>\n\n<style>.kb-row-layout-id2994_173e78-21 > .kt-row-column-wrap{align-content:center;}:where(.kb-row-layout-id2994_173e78-21 > .kt-row-column-wrap) > .wp-block-kadence-column{justify-content:center;}.kb-row-layout-id2994_173e78-21 > .kt-row-column-wrap{column-gap:var(--global-kb-gap-md, 2rem);row-gap:var(--global-kb-gap-md, 2rem);max-width:1400px;margin-left:auto;margin-right:auto;padding-bottom:var(--global-kb-spacing-xxl, 5rem);grid-template-columns:minmax(0, 1fr);}.kb-row-layout-id2994_173e78-21 > .kt-row-layout-overlay{opacity:0.00;}.kb-row-layout-id2994_173e78-21 .kt-row-layout-bottom-sep{height:25px;}.kb-row-layout-id2994_173e78-21 .kt-row-layout-bottom-sep svg{width:100%;}.kb-row-layout-id2994_173e78-21 .kt-row-layout-bottom-sep svg{fill:var(--global-palette5, #4A5568)!important;}.kb-row-layout-id2994_173e78-21 .kt-row-layout-top-sep{height:100px;}.kb-row-layout-id2994_173e78-21 .kt-row-layout-top-sep svg{width:100%;}.kb-row-layout-id2994_173e78-21 .kt-row-layout-top-sep svg{fill:#ffffff!important;}@media all and (max-width: 1024px){.kb-row-layout-id2994_173e78-21 > .kt-row-column-wrap{padding-top:var(--global-kb-spacing-sm, 1.5rem);grid-template-columns:minmax(0, 1fr);}}@media all and (max-width: 1024px){.kb-row-layout-id2994_173e78-21 .kt-row-layout-bottom-sep{height:px;}}@media all and (max-width: 1024px){.kb-row-layout-id2994_173e78-21 .kt-row-layout-bottom-sep svg{width:%;}}@media all and (max-width: 767px){.kb-row-layout-id2994_173e78-21 > .kt-row-column-wrap{padding-top:var(--global-kb-spacing-xxl, 5rem);grid-template-columns:minmax(0, 1fr);}.kb-row-layout-id2994_173e78-21 > .kt-row-column-wrap > .wp-block-kadence-column:nth-child(1 of *:not(style)){order:1;}.kb-row-layout-id2994_173e78-21 > .kt-row-column-wrap > .wp-block-kadence-column:nth-child(2 of *:not(style)){order:11;}.kb-row-layout-id2994_173e78-21 > .kt-row-column-wrap > .wp-block-kadence-column:nth-child(3 of *:not(style)){order:21;}.kb-row-layout-id2994_173e78-21 > .kt-row-column-wrap > .wp-block-kadence-column:nth-child(4 of *:not(style)){order:31;}.kb-row-layout-id2994_173e78-21 .kt-row-layout-bottom-sep{height:px;}.kb-row-layout-id2994_173e78-21 .kt-row-layout-bottom-sep svg{width:%;}}<\/style><div class=\"kb-row-layout-wrap kb-row-layout-id2994_173e78-21 alignnone has-theme-palette3-background-color kt-row-has-bg wp-block-kadence-rowlayout\"><div class=\"kt-row-column-wrap kt-has-1-columns kt-row-layout-equal kt-tab-layout-inherit kt-mobile-layout-row kt-row-valign-middle\">\n<style>.kadence-column2994_fa9889-80 > .kt-inside-inner-col{display:flex;}.kadence-column2994_fa9889-80 > .kt-inside-inner-col,.kadence-column2994_fa9889-80 > .kt-inside-inner-col:before{border-top-left-radius:0px;border-top-right-radius:0px;border-bottom-right-radius:0px;border-bottom-left-radius:0px;}.kadence-column2994_fa9889-80 > .kt-inside-inner-col{column-gap:var(--global-kb-gap-sm, 1rem);}.kadence-column2994_fa9889-80 > .kt-inside-inner-col{flex-direction:column;justify-content:flex-start;}.kadence-column2994_fa9889-80 > .kt-inside-inner-col > .aligncenter{width:100%;}.kt-row-column-wrap > .kadence-column2994_fa9889-80{align-self:flex-start;}.kt-inner-column-height-full:not(.kt-has-1-columns) > .wp-block-kadence-column.kadence-column2994_fa9889-80{align-self:auto;}.kt-inner-column-height-full:not(.kt-has-1-columns) > .wp-block-kadence-column.kadence-column2994_fa9889-80 > .kt-inside-inner-col{flex-direction:column;justify-content:flex-start;}.kadence-column2994_fa9889-80 > .kt-inside-inner-col:before{opacity:0.3;}.kadence-column2994_fa9889-80{position:relative;}@media all and (max-width: 1024px){.kt-row-column-wrap > .kadence-column2994_fa9889-80{align-self:flex-start;}}@media all and (max-width: 1024px){.kt-inner-column-height-full:not(.kt-has-1-columns) > .wp-block-kadence-column.kadence-column2994_fa9889-80{align-self:auto;}}@media all and (max-width: 1024px){.kt-inner-column-height-full:not(.kt-has-1-columns) > .wp-block-kadence-column.kadence-column2994_fa9889-80 > .kt-inside-inner-col{flex-direction:column;justify-content:flex-start;}}@media all and (max-width: 1024px){.kadence-column2994_fa9889-80 > .kt-inside-inner-col{flex-direction:column;justify-content:flex-start;}}@media all and (max-width: 767px){.kt-row-column-wrap > .kadence-column2994_fa9889-80{align-self:flex-start;}.kt-inner-column-height-full:not(.kt-has-1-columns) > .wp-block-kadence-column.kadence-column2994_fa9889-80{align-self:auto;}.kt-inner-column-height-full:not(.kt-has-1-columns) > .wp-block-kadence-column.kadence-column2994_fa9889-80 > .kt-inside-inner-col{flex-direction:column;justify-content:flex-start;}.kadence-column2994_fa9889-80 > .kt-inside-inner-col{flex-direction:column;justify-content:flex-start;}}<\/style>\n<div class=\"wp-block-kadence-column kadence-column2994_fa9889-80\" data-aos=\"fade\" data-aos-duration=\"1500\" data-aos-delay=\"800\"><div class=\"kt-inside-inner-col\"><\/div><\/div>\n\n<\/div><\/div><span class=\"kt-load-after-post\"><\/span>","protected":false},"excerpt":{"rendered":"<p>Olemme p\u00e4\u00e4tyneet &#8217;junan tuomina&#8217; Pohjois-Karjalaan.\u00a0Nuorempana Janka haaveili kahvilan perustamisesta jonnekin Euroopan suurkaupunkiin.\u00a0Onneksi kohtalo johdatti Paateriin, sill\u00e4 viihdymme molemmat maaseudun rauhassa.\u00a0 Syd\u00e4nt\u00e4\u00e4n seuraten Janka on p\u00e4\u00e4tynyt tiedemaailmasta kahvilayritt\u00e4j\u00e4ksi.\u00a0Janka\u00a0on koulutukseltaan hevosalan ammattilainen ja biologi, joka\u00a0on perehtynyt syv\u00e4llisesti luonnon antimien ja rohtojen k\u00e4ytt\u00f6\u00f6n.\u00a0Janka on kotoisin Lapista, vaikka juuret ulottuvatkin aina Unkariin asti.\u00a0 Iain on kotoisin Pohjois-Englannista. El\u00e4m\u00e4 on&#8230;<\/p>","protected":false},"author":1,"featured_media":0,"parent":0,"menu_order":0,"comment_status":"closed","ping_status":"closed","template":"","meta":{"_kad_blocks_custom_css":"","_kad_blocks_head_custom_js":"","_kad_blocks_body_custom_js":"","_kad_blocks_footer_custom_js":"","_kad_post_transparent":"","_kad_post_title":"","_kad_post_layout":"","_kad_post_sidebar_id":"","_kad_post_content_style":"","_kad_post_vertical_padding":"","_kad_post_feature":"","_kad_post_feature_position":"","_kad_post_header":false,"_kad_post_footer":false,"_kad_post_classname":"","footnotes":""},"class_list":["post-2994","page","type-page","status-publish","hentry"],"taxonomy_info":[],"featured_image_src_large":false,"author_info":{"display_name":"topidev","author_link":"https:\/\/www.rootstime.life\/en\/author\/topidev\/"},"comment_info":0,"_links":{"self":[{"href":"https:\/\/www.rootstime.life\/en\/wp-json\/wp\/v2\/pages\/2994","targetHints":{"allow":["GET"]}}],"collection":[{"href":"https:\/\/www.rootstime.life\/en\/wp-json\/wp\/v2\/pages"}],"about":[{"href":"https:\/\/www.rootstime.life\/en\/wp-json\/wp\/v2\/types\/page"}],"author":[{"embeddable":true,"href":"https:\/\/www.rootstime.life\/en\/wp-json\/wp\/v2\/users\/1"}],"replies":[{"embeddable":true,"href":"https:\/\/www.rootstime.life\/en\/wp-json\/wp\/v2\/comments?post=2994"}],"version-history":[{"count":13,"href":"https:\/\/www.rootstime.life\/en\/wp-json\/wp\/v2\/pages\/2994\/revisions"}],"predecessor-version":[{"id":3174,"href":"https:\/\/www.rootstime.life\/en\/wp-json\/wp\/v2\/pages\/2994\/revisions\/3174"}],"wp:attachment":[{"href":"https:\/\/www.rootstime.life\/en\/wp-json\/wp\/v2\/media?parent=2994"}],"curies":[{"name":"wp","href":"https:\/\/api.w.org\/{rel}","templated":true}]}}