{"id":3044,"date":"2026-02-07T13:08:27","date_gmt":"2026-02-07T10:08:27","guid":{"rendered":"https:\/\/www.rootstime.life\/?page_id=3044"},"modified":"2026-02-07T13:08:27","modified_gmt":"2026-02-07T10:08:27","slug":"tietosuojaseloste","status":"publish","type":"page","link":"https:\/\/www.rootstime.life\/en\/tietosuojaseloste\/","title":{"rendered":"Privacy policy"},"content":{"rendered":"<style>.kb-row-layout-id3044_f5ad6e-fa > .kt-row-column-wrap{align-content:center;}:where(.kb-row-layout-id3044_f5ad6e-fa > .kt-row-column-wrap) > .wp-block-kadence-column{justify-content:center;}.kb-row-layout-id3044_f5ad6e-fa > .kt-row-column-wrap{column-gap:var(--global-kb-gap-md, 2rem);row-gap:var(--global-kb-gap-md, 2rem);max-width:1400px;margin-left:auto;margin-right:auto;padding-top:var(--global-kb-spacing-xs, 1rem);padding-bottom:var(--global-kb-spacing-xl, 4rem);grid-template-columns:minmax(0, 1fr);}.kb-row-layout-id3044_f5ad6e-fa > .kt-row-layout-overlay{opacity:0.00;}.kb-row-layout-id3044_f5ad6e-fa .kt-row-layout-bottom-sep{height:25px;}.kb-row-layout-id3044_f5ad6e-fa .kt-row-layout-bottom-sep svg{width:100%;}.kb-row-layout-id3044_f5ad6e-fa .kt-row-layout-bottom-sep svg{fill:var(--global-palette5, #4A5568)!important;}.kb-row-layout-id3044_f5ad6e-fa .kt-row-layout-top-sep{height:100px;}.kb-row-layout-id3044_f5ad6e-fa .kt-row-layout-top-sep svg{width:100%;}.kb-row-layout-id3044_f5ad6e-fa .kt-row-layout-top-sep svg{fill:#ffffff!important;}@media all and (max-width: 1024px){.kb-row-layout-id3044_f5ad6e-fa > .kt-row-column-wrap{padding-top:var(--global-kb-spacing-sm, 1.5rem);grid-template-columns:minmax(0, 1fr);}}@media all and (max-width: 1024px){.kb-row-layout-id3044_f5ad6e-fa .kt-row-layout-bottom-sep{height:px;}}@media all and (max-width: 1024px){.kb-row-layout-id3044_f5ad6e-fa .kt-row-layout-bottom-sep svg{width:%;}}@media all and (max-width: 767px){.kb-row-layout-id3044_f5ad6e-fa > .kt-row-column-wrap{padding-top:var(--global-kb-spacing-xxl, 5rem);grid-template-columns:minmax(0, 1fr);}.kb-row-layout-id3044_f5ad6e-fa > .kt-row-column-wrap > .wp-block-kadence-column:nth-child(1 of *:not(style)){order:1;}.kb-row-layout-id3044_f5ad6e-fa > .kt-row-column-wrap > .wp-block-kadence-column:nth-child(2 of *:not(style)){order:11;}.kb-row-layout-id3044_f5ad6e-fa > .kt-row-column-wrap > .wp-block-kadence-column:nth-child(3 of *:not(style)){order:21;}.kb-row-layout-id3044_f5ad6e-fa > .kt-row-column-wrap > .wp-block-kadence-column:nth-child(4 of *:not(style)){order:31;}.kb-row-layout-id3044_f5ad6e-fa .kt-row-layout-bottom-sep{height:px;}.kb-row-layout-id3044_f5ad6e-fa .kt-row-layout-bottom-sep svg{width:%;}}<\/style><div class=\"kb-row-layout-wrap kb-row-layout-id3044_f5ad6e-fa alignnone has-theme-palette9-background-color kt-row-has-bg wp-block-kadence-rowlayout\"><div class=\"kt-row-column-wrap kt-has-1-columns kt-row-layout-equal kt-tab-layout-inherit kt-mobile-layout-row kt-row-valign-middle\">\n<style>.kadence-column3044_7117e8-69 > .kt-inside-inner-col{display:flex;}.kadence-column3044_7117e8-69 > .kt-inside-inner-col,.kadence-column3044_7117e8-69 > .kt-inside-inner-col:before{border-top-left-radius:0px;border-top-right-radius:0px;border-bottom-right-radius:0px;border-bottom-left-radius:0px;}.kadence-column3044_7117e8-69 > .kt-inside-inner-col{column-gap:var(--global-kb-gap-sm, 1rem);}.kadence-column3044_7117e8-69 > .kt-inside-inner-col{flex-direction:column;justify-content:flex-start;}.kadence-column3044_7117e8-69 > .kt-inside-inner-col > .aligncenter{width:100%;}.kt-row-column-wrap > .kadence-column3044_7117e8-69{align-self:flex-start;}.kt-inner-column-height-full:not(.kt-has-1-columns) > .wp-block-kadence-column.kadence-column3044_7117e8-69{align-self:auto;}.kt-inner-column-height-full:not(.kt-has-1-columns) > .wp-block-kadence-column.kadence-column3044_7117e8-69 > .kt-inside-inner-col{flex-direction:column;justify-content:flex-start;}.kadence-column3044_7117e8-69 > .kt-inside-inner-col:before{opacity:0.3;}.kadence-column3044_7117e8-69{position:relative;}@media all and (max-width: 1024px){.kt-row-column-wrap > .kadence-column3044_7117e8-69{align-self:flex-start;}}@media all and (max-width: 1024px){.kt-inner-column-height-full:not(.kt-has-1-columns) > .wp-block-kadence-column.kadence-column3044_7117e8-69{align-self:auto;}}@media all and (max-width: 1024px){.kt-inner-column-height-full:not(.kt-has-1-columns) > .wp-block-kadence-column.kadence-column3044_7117e8-69 > .kt-inside-inner-col{flex-direction:column;justify-content:flex-start;}}@media all and (max-width: 1024px){.kadence-column3044_7117e8-69 > .kt-inside-inner-col{flex-direction:column;justify-content:flex-start;}}@media all and (max-width: 767px){.kt-row-column-wrap > .kadence-column3044_7117e8-69{align-self:flex-start;}.kt-inner-column-height-full:not(.kt-has-1-columns) > .wp-block-kadence-column.kadence-column3044_7117e8-69{align-self:auto;}.kt-inner-column-height-full:not(.kt-has-1-columns) > .wp-block-kadence-column.kadence-column3044_7117e8-69 > .kt-inside-inner-col{flex-direction:column;justify-content:flex-start;}.kadence-column3044_7117e8-69 > .kt-inside-inner-col{flex-direction:column;justify-content:flex-start;}}<\/style>\n<div class=\"wp-block-kadence-column kadence-column3044_7117e8-69\" data-aos=\"fade\" data-aos-duration=\"1500\" data-aos-delay=\"800\"><div class=\"kt-inside-inner-col\">\n<p class=\"has-text-align-center has-theme-palette-9-color has-text-color has-link-color wp-elements-facf6915059a1890ce58a8629192303b\">TietosuojaselosteTietosuojaseloste<\/p>\n\n\n\n<h2 class=\"wp-block-heading\">Privacy policy<br><br>Data Controller<\/h2>\n\n\n\n<p>Juurten aika \u2013 Roots time Oy<br>Contact: Iain and Janka<br>Email: juurtenaika ( a ) proton.me<\/p>\n\n\n\n<h2 class=\"wp-block-heading\">Name of the Registry<\/h2>\n\n\n\n<p>Email List \/ Newsletter Registry<\/p>\n\n\n\n<h2 class=\"wp-block-heading\">Purpose of Processing Personal Data<\/h2>\n\n\n\n<p>We collect personal data solely for the purpose of maintaining the email list. The email address is used for communication, newsletters, and sharing current information related to the activities of Juurten aika \u2013 Roots time Oy.<\/p>\n\n\n\n<h2 class=\"wp-block-heading\">Data Contained in the Register<\/h2>\n\n\n\n<p>Only the following information is stored in the register:<\/p>\n\n\n\n<ul class=\"wp-block-list\">\n<li>Email address<\/li>\n<\/ul>\n\n\n\n<h2 class=\"wp-block-heading\">Regular sources of information<\/h2>\n\n\n\n<p>The information is obtained from the data subject themselves when they voluntarily subscribe to the mailing list via our website.<\/p>\n\n\n\n<h2 class=\"wp-block-heading\">Disclosure and transfer of data<\/h2>\n\n\n\n<p>Data is not disclosed to third parties nor transferred outside the EU or the EEA.<\/p>\n\n\n\n<h2 class=\"wp-block-heading\">Cookies and tracking<\/h2>\n\n\n\n<p>The website does not use tracking pixels, analytics tools (such as Google Analytics), or other tracking methods.<\/p>\n\n\n\n<h2 class=\"wp-block-heading\">Data retention period<\/h2>\n\n\n\n<p>Data is retained for as long as the data subject remains on the mailing list. The data subject may unsubscribe at any time via the link at the end of the newsletter, at which point their data will be removed from the registry.<\/p>\n\n\n\n<h2 class=\"wp-block-heading\">Rights of the data subject<\/h2>\n\n\n\n<p>The data subject has the right to:<\/p>\n\n\n\n<ul class=\"wp-block-list\">\n<li>review their personal data<\/li>\n\n\n\n<li>request the correction or deletion of data<\/li>\n\n\n\n<li>withdraw their consent at any time<\/li>\n<\/ul>\n\n\n\n<p>Requests can be sent by email to the data controller.<\/p>\n\n\n\n<h2 class=\"wp-block-heading\">Data protection<\/h2>\n\n\n\n<p>Personal data is stored in secure systems accessible only to those individuals who need it for their work.<\/p>\n\n\n\n<h2 class=\"wp-block-heading\">Changes to the Privacy Policy<\/h2>\n\n\n\n<p>We reserve the right to update this Privacy Policy as necessary. The current version is always available on our website.<\/p>\n<\/div><\/div>\n\n\n<style>.kadence-column3044_2fd8db-f6 > .kt-inside-inner-col,.kadence-column3044_2fd8db-f6 > .kt-inside-inner-col:before{border-top-left-radius:0px;border-top-right-radius:0px;border-bottom-right-radius:0px;border-bottom-left-radius:0px;}.kadence-column3044_2fd8db-f6 > .kt-inside-inner-col{column-gap:var(--global-kb-gap-sm, 1rem);}.kadence-column3044_2fd8db-f6 > .kt-inside-inner-col{flex-direction:column;}.kadence-column3044_2fd8db-f6 > .kt-inside-inner-col > .aligncenter{width:100%;}.kadence-column3044_2fd8db-f6 > .kt-inside-inner-col:before{opacity:0.3;}.kadence-column3044_2fd8db-f6{position:relative;}@media all and (max-width: 1024px){.kadence-column3044_2fd8db-f6 > .kt-inside-inner-col{flex-direction:column;justify-content:center;}}@media all and (max-width: 767px){.kadence-column3044_2fd8db-f6 > .kt-inside-inner-col{flex-direction:column;justify-content:center;}}<\/style>\n<div class=\"wp-block-kadence-column kadence-column3044_2fd8db-f6\"><div class=\"kt-inside-inner-col\"><\/div><\/div>\n\n<\/div><\/div><span class=\"kt-load-after-post\"><\/span>","protected":false},"excerpt":{"rendered":"<p>TietosuojaselosteTietosuojaseloste Tietosuojaseloste Rekisterinpit\u00e4j\u00e4 Juurten aika \u2013 Roots time OyYhteyshenkil\u00f6t: Iain ja JankaS\u00e4hk\u00f6posti: juurtenaika ( a ) proton.me Rekisterin nimi S\u00e4hk\u00f6postilista \/ uutiskirjerekisteri Henkil\u00f6tietojen k\u00e4sittelyn tarkoitus Ker\u00e4\u00e4mme henkil\u00f6tietoja ainoastaan s\u00e4hk\u00f6postilistan yll\u00e4pit\u00e4mist\u00e4 varten. S\u00e4hk\u00f6postiosoitetta k\u00e4ytet\u00e4\u00e4n viestint\u00e4\u00e4n, uutiskirjeisiin ja ajankohtaisten asioiden jakamiseen Juurten aika \u2013 Roots time Oy:n toimintaan liittyen. Rekisterin tietosis\u00e4lt\u00f6 Rekisteriin tallennetaan vain seuraava tieto: S\u00e4\u00e4nn\u00f6nmukaiset&#8230;<\/p>","protected":false},"author":1,"featured_media":0,"parent":0,"menu_order":0,"comment_status":"closed","ping_status":"closed","template":"","meta":{"_kad_blocks_custom_css":"","_kad_blocks_head_custom_js":"","_kad_blocks_body_custom_js":"","_kad_blocks_footer_custom_js":"","_kad_post_transparent":"","_kad_post_title":"","_kad_post_layout":"","_kad_post_sidebar_id":"","_kad_post_content_style":"","_kad_post_vertical_padding":"","_kad_post_feature":"","_kad_post_feature_position":"","_kad_post_header":false,"_kad_post_footer":false,"_kad_post_classname":"","footnotes":""},"class_list":["post-3044","page","type-page","status-publish","hentry"],"taxonomy_info":[],"featured_image_src_large":false,"author_info":{"display_name":"topidev","author_link":"https:\/\/www.rootstime.life\/en\/author\/topidev\/"},"comment_info":0,"_links":{"self":[{"href":"https:\/\/www.rootstime.life\/en\/wp-json\/wp\/v2\/pages\/3044","targetHints":{"allow":["GET"]}}],"collection":[{"href":"https:\/\/www.rootstime.life\/en\/wp-json\/wp\/v2\/pages"}],"about":[{"href":"https:\/\/www.rootstime.life\/en\/wp-json\/wp\/v2\/types\/page"}],"author":[{"embeddable":true,"href":"https:\/\/www.rootstime.life\/en\/wp-json\/wp\/v2\/users\/1"}],"replies":[{"embeddable":true,"href":"https:\/\/www.rootstime.life\/en\/wp-json\/wp\/v2\/comments?post=3044"}],"version-history":[{"count":2,"href":"https:\/\/www.rootstime.life\/en\/wp-json\/wp\/v2\/pages\/3044\/revisions"}],"predecessor-version":[{"id":3046,"href":"https:\/\/www.rootstime.life\/en\/wp-json\/wp\/v2\/pages\/3044\/revisions\/3046"}],"wp:attachment":[{"href":"https:\/\/www.rootstime.life\/en\/wp-json\/wp\/v2\/media?parent=3044"}],"curies":[{"name":"wp","href":"https:\/\/api.w.org\/{rel}","templated":true}]}}